{"id":38,"date":"2024-02-26T07:34:22","date_gmt":"2024-02-26T07:34:22","guid":{"rendered":"https:\/\/canavciturizm.com\/?page_id=38"},"modified":"2024-02-26T15:26:01","modified_gmt":"2024-02-26T15:26:01","slug":"hizmetlerimiz","status":"publish","type":"page","link":"https:\/\/canavciturizm.com\/index.php\/hizmetlerimiz\/","title":{"rendered":"Hizmetlerimiz"},"content":{"rendered":"\t\t<div data-elementor-type=\"wp-page\" data-elementor-id=\"38\" class=\"elementor elementor-38\">\n\t\t\t\t\t\t<section class=\"elementor-section elementor-top-section elementor-element elementor-element-12ad9bfa0 elementor-section-boxed elementor-section-height-default elementor-section-height-default wpr-particle-no wpr-jarallax-no wpr-parallax-no wpr-sticky-section-no\" data-id=\"12ad9bfa0\" data-element_type=\"section\" data-settings=\"{&quot;background_background&quot;:&quot;classic&quot;}\">\n\t\t\t\t\t\t\t<div class=\"elementor-background-overlay\"><\/div>\n\t\t\t\t\t\t\t<div class=\"elementor-container elementor-column-gap-default\">\n\t\t\t\t\t<div class=\"elementor-column elementor-col-100 elementor-top-column elementor-element elementor-element-e493b75\" data-id=\"e493b75\" data-element_type=\"column\">\n\t\t\t<div class=\"elementor-widget-wrap elementor-element-populated\">\n\t\t\t\t\t\t<div class=\"elementor-element elementor-element-76ff276 elementor-widget elementor-widget-heading\" data-id=\"76ff276\" data-element_type=\"widget\" data-widget_type=\"heading.default\">\n\t\t\t\t<div class=\"elementor-widget-container\">\n\t\t\t\t\t<h2 class=\"elementor-heading-title elementor-size-default\">Hizmetlerimiz<\/h2>\t\t\t\t<\/div>\n\t\t\t\t<\/div>\n\t\t\t\t\t<\/div>\n\t\t<\/div>\n\t\t\t\t\t<\/div>\n\t\t<\/section>\n\t\t\t\t<section class=\"elementor-section elementor-top-section elementor-element elementor-element-69c712e0 elementor-section-boxed elementor-section-height-default elementor-section-height-default wpr-particle-no wpr-jarallax-no wpr-parallax-no wpr-sticky-section-no\" data-id=\"69c712e0\" data-element_type=\"section\">\n\t\t\t\t\t\t<div class=\"elementor-container elementor-column-gap-default\">\n\t\t\t\t\t<div class=\"elementor-column elementor-col-100 elementor-top-column elementor-element elementor-element-2bab0952\" data-id=\"2bab0952\" data-element_type=\"column\">\n\t\t\t<div class=\"elementor-widget-wrap elementor-element-populated\">\n\t\t\t\t\t\t<section class=\"elementor-section elementor-inner-section elementor-element elementor-element-568dcfe3 elementor-section-boxed elementor-section-height-default elementor-section-height-default wpr-particle-no wpr-jarallax-no wpr-parallax-no wpr-sticky-section-no\" data-id=\"568dcfe3\" data-element_type=\"section\">\n\t\t\t\t\t\t<div class=\"elementor-container elementor-column-gap-default\">\n\t\t\t\t\t<div class=\"elementor-column elementor-col-33 elementor-inner-column elementor-element elementor-element-40346529\" data-id=\"40346529\" data-element_type=\"column\">\n\t\t\t<div class=\"elementor-widget-wrap elementor-element-populated\">\n\t\t\t\t\t\t<div class=\"elementor-element elementor-element-70d4812f elementor-widget elementor-widget-image\" data-id=\"70d4812f\" data-element_type=\"widget\" data-widget_type=\"image.default\">\n\t\t\t\t<div class=\"elementor-widget-container\">\n\t\t\t\t\t\t\t\t\t\t\t\t\t\t\t<img fetchpriority=\"high\" decoding=\"async\" width=\"500\" height=\"750\" src=\"https:\/\/canavciturizm.com\/wp-content\/uploads\/2024\/02\/free-photo-of-col-tepeler-seyahat-balon.jpeg\" class=\"attachment-large size-large wp-image-216\" alt=\"\" srcset=\"https:\/\/canavciturizm.com\/wp-content\/uploads\/2024\/02\/free-photo-of-col-tepeler-seyahat-balon.jpeg 500w, https:\/\/canavciturizm.com\/wp-content\/uploads\/2024\/02\/free-photo-of-col-tepeler-seyahat-balon-200x300.jpeg 200w\" sizes=\"(max-width: 500px) 100vw, 500px\" \/>\t\t\t\t\t\t\t\t\t\t\t\t\t\t\t<\/div>\n\t\t\t\t<\/div>\n\t\t\t\t\t<\/div>\n\t\t<\/div>\n\t\t\t\t<div class=\"elementor-column elementor-col-33 elementor-inner-column elementor-element elementor-element-2d292e12\" data-id=\"2d292e12\" data-element_type=\"column\">\n\t\t\t<div class=\"elementor-widget-wrap elementor-element-populated\">\n\t\t\t\t\t\t<div class=\"elementor-element elementor-element-29bbe717 elementor-widget elementor-widget-image\" data-id=\"29bbe717\" data-element_type=\"widget\" data-widget_type=\"image.default\">\n\t\t\t\t<div class=\"elementor-widget-container\">\n\t\t\t\t\t\t\t\t\t\t\t\t\t\t\t<img decoding=\"async\" width=\"683\" height=\"1024\" src=\"https:\/\/canavciturizm.com\/wp-content\/uploads\/2024\/02\/pexels-photo-19050721-1-683x1024.jpeg\" class=\"attachment-large size-large wp-image-206\" alt=\"\" srcset=\"https:\/\/canavciturizm.com\/wp-content\/uploads\/2024\/02\/pexels-photo-19050721-1-683x1024.jpeg 683w, https:\/\/canavciturizm.com\/wp-content\/uploads\/2024\/02\/pexels-photo-19050721-1-200x300.jpeg 200w, https:\/\/canavciturizm.com\/wp-content\/uploads\/2024\/02\/pexels-photo-19050721-1-768x1152.jpeg 768w, https:\/\/canavciturizm.com\/wp-content\/uploads\/2024\/02\/pexels-photo-19050721-1-1024x1536.jpeg 1024w, https:\/\/canavciturizm.com\/wp-content\/uploads\/2024\/02\/pexels-photo-19050721-1-1365x2048.jpeg 1365w, https:\/\/canavciturizm.com\/wp-content\/uploads\/2024\/02\/pexels-photo-19050721-1-scaled.jpeg 1707w\" sizes=\"(max-width: 683px) 100vw, 683px\" \/>\t\t\t\t\t\t\t\t\t\t\t\t\t\t\t<\/div>\n\t\t\t\t<\/div>\n\t\t\t\t\t<\/div>\n\t\t<\/div>\n\t\t\t\t<div class=\"elementor-column elementor-col-33 elementor-inner-column elementor-element elementor-element-660be1e1\" data-id=\"660be1e1\" data-element_type=\"column\">\n\t\t\t<div class=\"elementor-widget-wrap elementor-element-populated\">\n\t\t\t\t\t\t<div class=\"elementor-element elementor-element-16e020 elementor-widget elementor-widget-image\" data-id=\"16e020\" data-element_type=\"widget\" data-widget_type=\"image.default\">\n\t\t\t\t<div class=\"elementor-widget-container\">\n\t\t\t\t\t\t\t\t\t\t\t\t\t\t\t<img decoding=\"async\" width=\"703\" height=\"1024\" src=\"https:\/\/canavciturizm.com\/wp-content\/uploads\/2024\/02\/pexels-lena-khrupina-2677831-703x1024.jpg\" class=\"attachment-large size-large wp-image-218\" alt=\"\" srcset=\"https:\/\/canavciturizm.com\/wp-content\/uploads\/2024\/02\/pexels-lena-khrupina-2677831-703x1024.jpg 703w, https:\/\/canavciturizm.com\/wp-content\/uploads\/2024\/02\/pexels-lena-khrupina-2677831-206x300.jpg 206w, https:\/\/canavciturizm.com\/wp-content\/uploads\/2024\/02\/pexels-lena-khrupina-2677831-768x1118.jpg 768w, https:\/\/canavciturizm.com\/wp-content\/uploads\/2024\/02\/pexels-lena-khrupina-2677831-1055x1536.jpg 1055w, https:\/\/canavciturizm.com\/wp-content\/uploads\/2024\/02\/pexels-lena-khrupina-2677831-1407x2048.jpg 1407w, https:\/\/canavciturizm.com\/wp-content\/uploads\/2024\/02\/pexels-lena-khrupina-2677831-scaled.jpg 1759w\" sizes=\"(max-width: 703px) 100vw, 703px\" \/>\t\t\t\t\t\t\t\t\t\t\t\t\t\t\t<\/div>\n\t\t\t\t<\/div>\n\t\t\t\t\t<\/div>\n\t\t<\/div>\n\t\t\t\t\t<\/div>\n\t\t<\/section>\n\t\t\t\t\t<\/div>\n\t\t<\/div>\n\t\t\t\t\t<\/div>\n\t\t<\/section>\n\t\t\t\t<section class=\"elementor-section elementor-top-section elementor-element elementor-element-bb48047 elementor-section-height-min-height elementor-section-boxed elementor-section-height-default elementor-section-items-middle wpr-particle-no wpr-jarallax-no wpr-parallax-no wpr-sticky-section-no\" data-id=\"bb48047\" data-element_type=\"section\" data-settings=\"{&quot;background_background&quot;:&quot;classic&quot;}\">\n\t\t\t\t\t\t<div class=\"elementor-container elementor-column-gap-wide\">\n\t\t\t\t\t<div class=\"elementor-column elementor-col-50 elementor-top-column elementor-element elementor-element-26aaa34a\" data-id=\"26aaa34a\" data-element_type=\"column\">\n\t\t\t<div class=\"elementor-widget-wrap elementor-element-populated\">\n\t\t\t\t\t\t<div class=\"elementor-element elementor-element-389f077d elementor-widget elementor-widget-heading\" data-id=\"389f077d\" data-element_type=\"widget\" data-widget_type=\"heading.default\">\n\t\t\t\t<div class=\"elementor-widget-container\">\n\t\t\t\t\t<h2 class=\"elementor-heading-title elementor-size-default\">Personel ve Turizm Ta\u015f\u0131mac\u0131l\u0131\u011f\u0131<\/h2>\t\t\t\t<\/div>\n\t\t\t\t<\/div>\n\t\t\t\t<div class=\"elementor-element elementor-element-7c46db65 elementor-widget elementor-widget-text-editor\" data-id=\"7c46db65\" data-element_type=\"widget\" data-widget_type=\"text-editor.default\">\n\t\t\t\t<div class=\"elementor-widget-container\">\n\t\t\t\t\t\t\t\t\t<p>Seyahat etmek, yeni yerler ke\u015ffetmek ve unutulmaz an\u0131lar biriktirmek; ya\u015fam\u0131n renklerini zenginle\u015ftiren bir deneyimdir. \u0130\u015fte tam bu noktada, do\u011fru personel ve turizm ta\u015f\u0131mac\u0131l\u0131\u011f\u0131, bir seyahatin ba\u015far\u0131l\u0131 olmas\u0131 i\u00e7in kilit unsurlar\u0131 sunar.<\/p>\t\t\t\t\t\t\t\t<\/div>\n\t\t\t\t<\/div>\n\t\t\t\t<div class=\"elementor-element elementor-element-7b8908e5 elementor-icon-list--layout-traditional elementor-list-item-link-full_width elementor-widget elementor-widget-icon-list\" data-id=\"7b8908e5\" data-element_type=\"widget\" data-widget_type=\"icon-list.default\">\n\t\t\t\t<div class=\"elementor-widget-container\">\n\t\t\t\t\t\t\t<ul class=\"elementor-icon-list-items\">\n\t\t\t\t\t\t\t<li class=\"elementor-icon-list-item\">\n\t\t\t\t\t\t\t\t\t\t\t<span class=\"elementor-icon-list-icon\">\n\t\t\t\t\t\t\t<svg aria-hidden=\"true\" class=\"e-font-icon-svg e-fas-minus\" viewBox=\"0 0 448 512\" xmlns=\"http:\/\/www.w3.org\/2000\/svg\"><path d=\"M416 208H32c-17.67 0-32 14.33-32 32v32c0 17.67 14.33 32 32 32h384c17.67 0 32-14.33 32-32v-32c0-17.67-14.33-32-32-32z\"><\/path><\/svg>\t\t\t\t\t\t<\/span>\n\t\t\t\t\t\t\t\t\t\t<span class=\"elementor-icon-list-text\">Kaliteli ve g\u00fcvenli bir deneyim<\/span>\n\t\t\t\t\t\t\t\t\t<\/li>\n\t\t\t\t\t\t\t\t<li class=\"elementor-icon-list-item\">\n\t\t\t\t\t\t\t\t\t\t\t<span class=\"elementor-icon-list-icon\">\n\t\t\t\t\t\t\t<svg aria-hidden=\"true\" class=\"e-font-icon-svg e-fas-minus\" viewBox=\"0 0 448 512\" xmlns=\"http:\/\/www.w3.org\/2000\/svg\"><path d=\"M416 208H32c-17.67 0-32 14.33-32 32v32c0 17.67 14.33 32 32 32h384c17.67 0 32-14.33 32-32v-32c0-17.67-14.33-32-32-32z\"><\/path><\/svg>\t\t\t\t\t\t<\/span>\n\t\t\t\t\t\t\t\t\t\t<span class=\"elementor-icon-list-text\">Y\u00fcksek konfor ile  sizlere en iyisini sunuyoruz<\/span>\n\t\t\t\t\t\t\t\t\t<\/li>\n\t\t\t\t\t\t\t\t<li class=\"elementor-icon-list-item\">\n\t\t\t\t\t\t\t\t\t\t\t<span class=\"elementor-icon-list-icon\">\n\t\t\t\t\t\t\t<svg aria-hidden=\"true\" class=\"e-font-icon-svg e-fas-minus\" viewBox=\"0 0 448 512\" xmlns=\"http:\/\/www.w3.org\/2000\/svg\"><path d=\"M416 208H32c-17.67 0-32 14.33-32 32v32c0 17.67 14.33 32 32 32h384c17.67 0 32-14.33 32-32v-32c0-17.67-14.33-32-32-32z\"><\/path><\/svg>\t\t\t\t\t\t<\/span>\n\t\t\t\t\t\t\t\t\t\t<span class=\"elementor-icon-list-text\">Y\u0131llar\u0131n tecr\u00fcbesi ve g\u00fcvenilir hizmet<\/span>\n\t\t\t\t\t\t\t\t\t<\/li>\n\t\t\t\t\t\t<\/ul>\n\t\t\t\t\t\t<\/div>\n\t\t\t\t<\/div>\n\t\t\t\t\t<\/div>\n\t\t<\/div>\n\t\t\t\t<div class=\"elementor-column elementor-col-50 elementor-top-column elementor-element elementor-element-14e03bc8\" data-id=\"14e03bc8\" data-element_type=\"column\">\n\t\t\t<div class=\"elementor-widget-wrap elementor-element-populated\">\n\t\t\t\t\t\t<div class=\"elementor-element elementor-element-52e98374 elementor-widget elementor-widget-heading\" data-id=\"52e98374\" data-element_type=\"widget\" data-widget_type=\"heading.default\">\n\t\t\t\t<div class=\"elementor-widget-container\">\n\t\t\t\t\t<h2 class=\"elementor-heading-title elementor-size-default\">Vip  Ara\u00e7 Kiralama<\/h2>\t\t\t\t<\/div>\n\t\t\t\t<\/div>\n\t\t\t\t<div class=\"elementor-element elementor-element-117e831a elementor-widget elementor-widget-text-editor\" data-id=\"117e831a\" data-element_type=\"widget\" data-widget_type=\"text-editor.default\">\n\t\t\t\t<div class=\"elementor-widget-container\">\n\t\t\t\t\t\t\t\t\t<p>Hayalinizdeki etkinli\u011fi veya seyahati daha \u00f6zel k\u0131lmak, Bizimle V\u0130P Ara\u00e7 Kiralama ile art\u0131k m\u00fcmk\u00fcn. Biz, sizlere sadece bir ara\u00e7 de\u011fil, ayn\u0131 zamanda zarafetin, konforun ve \u00f6zel hizmetin bir kombinasyonunu sunuyoruz.<\/p>\t\t\t\t\t\t\t\t<\/div>\n\t\t\t\t<\/div>\n\t\t\t\t<div class=\"elementor-element elementor-element-7754ac34 elementor-icon-list--layout-traditional elementor-list-item-link-full_width elementor-widget elementor-widget-icon-list\" data-id=\"7754ac34\" data-element_type=\"widget\" data-widget_type=\"icon-list.default\">\n\t\t\t\t<div class=\"elementor-widget-container\">\n\t\t\t\t\t\t\t<ul class=\"elementor-icon-list-items\">\n\t\t\t\t\t\t\t<li class=\"elementor-icon-list-item\">\n\t\t\t\t\t\t\t\t\t\t\t<span class=\"elementor-icon-list-icon\">\n\t\t\t\t\t\t\t<svg aria-hidden=\"true\" class=\"e-font-icon-svg e-fas-minus\" viewBox=\"0 0 448 512\" xmlns=\"http:\/\/www.w3.org\/2000\/svg\"><path d=\"M416 208H32c-17.67 0-32 14.33-32 32v32c0 17.67 14.33 32 32 32h384c17.67 0 32-14.33 32-32v-32c0-17.67-14.33-32-32-32z\"><\/path><\/svg>\t\t\t\t\t\t<\/span>\n\t\t\t\t\t\t\t\t\t\t<span class=\"elementor-icon-list-text\">G\u00fcvenli ula\u015f\u0131m<\/span>\n\t\t\t\t\t\t\t\t\t<\/li>\n\t\t\t\t\t\t\t\t<li class=\"elementor-icon-list-item\">\n\t\t\t\t\t\t\t\t\t\t\t<span class=\"elementor-icon-list-icon\">\n\t\t\t\t\t\t\t<svg aria-hidden=\"true\" class=\"e-font-icon-svg e-fas-minus\" viewBox=\"0 0 448 512\" xmlns=\"http:\/\/www.w3.org\/2000\/svg\"><path d=\"M416 208H32c-17.67 0-32 14.33-32 32v32c0 17.67 14.33 32 32 32h384c17.67 0 32-14.33 32-32v-32c0-17.67-14.33-32-32-32z\"><\/path><\/svg>\t\t\t\t\t\t<\/span>\n\t\t\t\t\t\t\t\t\t\t<span class=\"elementor-icon-list-text\">Kaliteli ve sorunsuz hizmet<\/span>\n\t\t\t\t\t\t\t\t\t<\/li>\n\t\t\t\t\t\t<\/ul>\n\t\t\t\t\t\t<\/div>\n\t\t\t\t<\/div>\n\t\t\t\t\t<\/div>\n\t\t<\/div>\n\t\t\t\t\t<\/div>\n\t\t<\/section>\n\t\t\t\t<\/div>\n\t\t","protected":false},"excerpt":{"rendered":"<p>Hizmetlerimiz Personel ve Turizm Ta\u015f\u0131mac\u0131l\u0131\u011f\u0131 Seyahat etmek, yeni yerler ke\u015ffetmek ve unutulmaz an\u0131lar biriktirmek; ya\u015fam\u0131n renklerini zenginle\u015ftiren bir deneyimdir. \u0130\u015fte tam bu noktada, do\u011fru personel ve turizm ta\u015f\u0131mac\u0131l\u0131\u011f\u0131, bir seyahatin ba\u015far\u0131l\u0131 olmas\u0131 i\u00e7in kilit unsurlar\u0131 sunar. Kaliteli ve g\u00fcvenli bir deneyim Y\u00fcksek konfor ile sizlere en iyisini sunuyoruz Y\u0131llar\u0131n tecr\u00fcbesi ve g\u00fcvenilir hizmet Vip Ara\u00e7 Kiralama Hayalinizdeki etkinli\u011fi veya seyahati daha \u00f6zel k\u0131lmak, Bizimle V\u0130P Ara\u00e7 Kiralama ile art\u0131k m\u00fcmk\u00fcn. Biz, sizlere sadece bir ara\u00e7 de\u011fil, ayn\u0131 zamanda zarafetin, konforun ve \u00f6zel hizmetin bir kombinasyonunu sunuyoruz. G\u00fcvenli ula\u015f\u0131m Kaliteli ve sorunsuz hizmet<\/p>\n","protected":false},"author":1,"featured_media":0,"parent":0,"menu_order":0,"comment_status":"closed","ping_status":"closed","template":"","meta":{"footnotes":""},"class_list":["post-38","page","type-page","status-publish","hentry"],"_links":{"self":[{"href":"https:\/\/canavciturizm.com\/index.php\/wp-json\/wp\/v2\/pages\/38","targetHints":{"allow":["GET"]}}],"collection":[{"href":"https:\/\/canavciturizm.com\/index.php\/wp-json\/wp\/v2\/pages"}],"about":[{"href":"https:\/\/canavciturizm.com\/index.php\/wp-json\/wp\/v2\/types\/page"}],"author":[{"embeddable":true,"href":"https:\/\/canavciturizm.com\/index.php\/wp-json\/wp\/v2\/users\/1"}],"replies":[{"embeddable":true,"href":"https:\/\/canavciturizm.com\/index.php\/wp-json\/wp\/v2\/comments?post=38"}],"version-history":[{"count":25,"href":"https:\/\/canavciturizm.com\/index.php\/wp-json\/wp\/v2\/pages\/38\/revisions"}],"predecessor-version":[{"id":378,"href":"https:\/\/canavciturizm.com\/index.php\/wp-json\/wp\/v2\/pages\/38\/revisions\/378"}],"wp:attachment":[{"href":"https:\/\/canavciturizm.com\/index.php\/wp-json\/wp\/v2\/media?parent=38"}],"curies":[{"name":"wp","href":"https:\/\/api.w.org\/{rel}","templated":true}]}}